{"id":16250,"date":"2025-08-18T11:49:16","date_gmt":"2025-08-18T09:49:16","guid":{"rendered":"https:\/\/solhousemarbella.com\/?page_id=16250"},"modified":"2026-02-17T15:40:28","modified_gmt":"2026-02-17T13:40:28","slug":"blog","status":"publish","type":"page","link":"https:\/\/solhousemarbella.com\/pl\/blog\/","title":{"rendered":"Blog"},"content":{"rendered":"<div data-elementor-type=\"wp-page\" data-elementor-id=\"16250\" class=\"elementor elementor-16250\" data-elementor-post-type=\"page\">\n\t\t\t\t<div class=\"elementor-element elementor-element-369ff41 e-flex e-con-boxed e-con e-parent\" data-id=\"369ff41\" data-element_type=\"container\" data-e-type=\"container\" data-settings=\"{&quot;background_background&quot;:&quot;classic&quot;}\">\n\t\t\t\t\t<div class=\"e-con-inner\">\n\t\t\t\t\t<\/div>\n\t\t\t\t<\/div>\n\t\t<div class=\"elementor-element elementor-element-b28f432 e-flex e-con-boxed e-con e-parent\" data-id=\"b28f432\" data-element_type=\"container\" data-e-type=\"container\" data-settings=\"{&quot;background_background&quot;:&quot;classic&quot;}\">\n\t\t\t\t\t<div class=\"e-con-inner\">\n\t\t\t\t<div class=\"elementor-element elementor-element-775bcf6 elementor-widget elementor-widget-heading\" data-id=\"775bcf6\" data-element_type=\"widget\" data-e-type=\"widget\" data-widget_type=\"heading.default\">\n\t\t\t\t<div class=\"elementor-widget-container\">\n\t\t\t\t\t<h2 class=\"elementor-heading-title elementor-size-default\">Blog Solhouse Marbella <\/h2>\t\t\t\t<\/div>\n\t\t\t\t<\/div>\n\t\t\t\t<div class=\"elementor-element elementor-element-ecfb17b elementor-grid-2 elementor-grid-tablet-2 elementor-grid-mobile-1 elementor-posts--thumbnail-top elementor-posts--show-avatar elementor-card-shadow-yes elementor-posts__hover-gradient elementor-widget elementor-widget-posts\" data-id=\"ecfb17b\" data-element_type=\"widget\" data-e-type=\"widget\" data-settings=\"{&quot;pagination_type&quot;:&quot;numbers_and_prev_next&quot;,&quot;cards_columns&quot;:&quot;2&quot;,&quot;cards_columns_tablet&quot;:&quot;2&quot;,&quot;cards_columns_mobile&quot;:&quot;1&quot;,&quot;cards_row_gap&quot;:{&quot;unit&quot;:&quot;px&quot;,&quot;size&quot;:35,&quot;sizes&quot;:[]},&quot;cards_row_gap_tablet&quot;:{&quot;unit&quot;:&quot;px&quot;,&quot;size&quot;:&quot;&quot;,&quot;sizes&quot;:[]},&quot;cards_row_gap_mobile&quot;:{&quot;unit&quot;:&quot;px&quot;,&quot;size&quot;:&quot;&quot;,&quot;sizes&quot;:[]}}\" data-widget_type=\"posts.cards\">\n\t\t\t\t<div class=\"elementor-widget-container\">\n\t\t\t\t\t\t\t<div class=\"elementor-posts-container elementor-posts elementor-posts--skin-cards elementor-grid\" role=\"list\">\n\t\t\t\t<article class=\"elementor-post elementor-grid-item post-16972 post type-post status-publish format-standard has-post-thumbnail hentry category-uncategorized\" role=\"listitem\">\n\t\t\t<div class=\"elementor-post__card\">\n\t\t\t\t<a class=\"elementor-post__thumbnail__link\" href=\"https:\/\/solhousemarbella.com\/pl\/sierra-nevada-zimowa-kraina-czarow-w-poludniowej-hiszpanii\/\" tabindex=\"-1\"><div class=\"elementor-post__thumbnail\"><img loading=\"lazy\" decoding=\"async\" width=\"1600\" height=\"1200\" src=\"https:\/\/solhousemarbella.com\/wp-content\/uploads\/2026\/02\/IMG_0239.webp\" class=\"attachment-full size-full wp-image-16975\" alt=\"\" srcset=\"https:\/\/solhousemarbella.com\/wp-content\/uploads\/2026\/02\/IMG_0239.webp 1600w, https:\/\/solhousemarbella.com\/wp-content\/uploads\/2026\/02\/IMG_0239-300x225.webp 300w, https:\/\/solhousemarbella.com\/wp-content\/uploads\/2026\/02\/IMG_0239-1024x768.webp 1024w, https:\/\/solhousemarbella.com\/wp-content\/uploads\/2026\/02\/IMG_0239-768x576.webp 768w, https:\/\/solhousemarbella.com\/wp-content\/uploads\/2026\/02\/IMG_0239-1536x1152.webp 1536w, https:\/\/solhousemarbella.com\/wp-content\/uploads\/2026\/02\/IMG_0239-16x12.webp 16w, https:\/\/solhousemarbella.com\/wp-content\/uploads\/2026\/02\/IMG_0239-592x444.webp 592w, https:\/\/solhousemarbella.com\/wp-content\/uploads\/2026\/02\/IMG_0239-584x438.webp 584w, https:\/\/solhousemarbella.com\/wp-content\/uploads\/2026\/02\/IMG_0239-800x600.webp 800w, https:\/\/solhousemarbella.com\/wp-content\/uploads\/2026\/02\/IMG_0239-120x90.webp 120w, https:\/\/solhousemarbella.com\/wp-content\/uploads\/2026\/02\/IMG_0239-496x372.webp 496w\" sizes=\"auto, (max-width: 1600px) 100vw, 1600px\" \/><\/div><\/a>\n\t\t\t\t<div class=\"elementor-post__avatar\">\n\t\t\t\t\t<\/div>\n\t\t\t\t<div class=\"elementor-post__text\">\n\t\t\t\t<h3 class=\"elementor-post__title\">\n\t\t\t<a href=\"https:\/\/solhousemarbella.com\/pl\/sierra-nevada-zimowa-kraina-czarow-w-poludniowej-hiszpanii\/\">\n\t\t\t\tSierra Nevada, zimowa kraina czar\u00f3w w po\u0142udniowej Hiszpanii\t\t\t<\/a>\n\t\t<\/h3>\n\t\t\t\t<div class=\"elementor-post__excerpt\">\n\t\t\t<p>Zawsze uwielbia\u0142em je\u017adzi\u0107 do Sierra Nevada z wielu powod\u00f3w. Po pierwsze, jest tak blisko Marbelli i wybrze\u017ca, 2,5 godziny jazdy samochodem dzieli ci\u0119 od Marbelli.<\/p>\n\t\t<\/div>\n\t\t\n\t\t<a class=\"elementor-post__read-more\" href=\"https:\/\/solhousemarbella.com\/pl\/sierra-nevada-zimowa-kraina-czarow-w-poludniowej-hiszpanii\/\" aria-label=\"Read more about Sierra Nevada, a Winter Wonderland in Southern Spain\" tabindex=\"-1\">\n\t\t\tCzytaj wi\u0119cej \u00bb\t\t<\/a>\n\n\t\t\t\t<\/div>\n\t\t\t\t<div class=\"elementor-post__meta-data\">\n\t\t\t\t\t<span class=\"elementor-post-date\">\n\t\t\t13\/02\/2026\t\t<\/span>\n\t\t\t\t<\/div>\n\t\t\t\t\t<\/div>\n\t\t<\/article>\n\t\t\t\t<article class=\"elementor-post elementor-grid-item post-16889 post type-post status-publish format-standard has-post-thumbnail hentry category-uncategorized\" role=\"listitem\">\n\t\t\t<div class=\"elementor-post__card\">\n\t\t\t\t<a class=\"elementor-post__thumbnail__link\" href=\"https:\/\/solhousemarbella.com\/pl\/powrot-do-szkoly-na-costa-del-sol\/\" tabindex=\"-1\"><div class=\"elementor-post__thumbnail\"><img loading=\"lazy\" decoding=\"async\" width=\"1800\" height=\"1800\" src=\"https:\/\/solhousemarbella.com\/wp-content\/uploads\/2025\/09\/Back-to-School-on-the-Costa-del-Sol.jpg\" class=\"attachment-full size-full wp-image-16891\" alt=\"\" srcset=\"https:\/\/solhousemarbella.com\/wp-content\/uploads\/2025\/09\/Back-to-School-on-the-Costa-del-Sol.jpg 1800w, https:\/\/solhousemarbella.com\/wp-content\/uploads\/2025\/09\/Back-to-School-on-the-Costa-del-Sol-300x300.jpg 300w, https:\/\/solhousemarbella.com\/wp-content\/uploads\/2025\/09\/Back-to-School-on-the-Costa-del-Sol-1024x1024.jpg 1024w, https:\/\/solhousemarbella.com\/wp-content\/uploads\/2025\/09\/Back-to-School-on-the-Costa-del-Sol-150x150.jpg 150w, https:\/\/solhousemarbella.com\/wp-content\/uploads\/2025\/09\/Back-to-School-on-the-Costa-del-Sol-768x768.jpg 768w, https:\/\/solhousemarbella.com\/wp-content\/uploads\/2025\/09\/Back-to-School-on-the-Costa-del-Sol-1536x1536.jpg 1536w, https:\/\/solhousemarbella.com\/wp-content\/uploads\/2025\/09\/Back-to-School-on-the-Costa-del-Sol-12x12.jpg 12w, https:\/\/solhousemarbella.com\/wp-content\/uploads\/2025\/09\/Back-to-School-on-the-Costa-del-Sol-780x780.jpg 780w, https:\/\/solhousemarbella.com\/wp-content\/uploads\/2025\/09\/Back-to-School-on-the-Costa-del-Sol-600x600.jpg 600w, https:\/\/solhousemarbella.com\/wp-content\/uploads\/2025\/09\/Back-to-School-on-the-Costa-del-Sol-496x496.jpg 496w\" sizes=\"auto, (max-width: 1800px) 100vw, 1800px\" \/><\/div><\/a>\n\t\t\t\t<div class=\"elementor-post__avatar\">\n\t\t\t\t\t<\/div>\n\t\t\t\t<div class=\"elementor-post__text\">\n\t\t\t\t<h3 class=\"elementor-post__title\">\n\t\t\t<a href=\"https:\/\/solhousemarbella.com\/pl\/powrot-do-szkoly-na-costa-del-sol\/\">\n\t\t\t\tPowr\u00f3t do szko\u0142y na Costa del Sol\t\t\t<\/a>\n\t\t<\/h3>\n\t\t\t\t<div class=\"elementor-post__excerpt\">\n\t\t\t<p>Po wielu tygodniach lata i niesamowitej pogodzie w Marbelli, wielu rodzic\u00f3w mo\u017ce wreszcie si\u0119 cieszy\u0107, poniewa\u017c nadszed\u0142 wrzesie\u0144, a to oznacza, \u017ce dzieci wracaj\u0105 do szko\u0142y. Marbella jest znana<\/p>\n\t\t<\/div>\n\t\t\n\t\t<a class=\"elementor-post__read-more\" href=\"https:\/\/solhousemarbella.com\/pl\/powrot-do-szkoly-na-costa-del-sol\/\" aria-label=\"Read more about Back to School on the Costa del Sol\" tabindex=\"-1\">\n\t\t\tCzytaj wi\u0119cej \u00bb\t\t<\/a>\n\n\t\t\t\t<\/div>\n\t\t\t\t<div class=\"elementor-post__meta-data\">\n\t\t\t\t\t<span class=\"elementor-post-date\">\n\t\t\t22\/09\/2025\t\t<\/span>\n\t\t\t\t<\/div>\n\t\t\t\t\t<\/div>\n\t\t<\/article>\n\t\t\t\t<article class=\"elementor-post elementor-grid-item post-16316 post type-post status-publish format-standard has-post-thumbnail hentry category-real-estate\" role=\"listitem\">\n\t\t\t<div class=\"elementor-post__card\">\n\t\t\t\t<a class=\"elementor-post__thumbnail__link\" href=\"https:\/\/solhousemarbella.com\/pl\/witamy-na-blogu-solhouse-marbella-copy\/\" tabindex=\"-1\"><div class=\"elementor-post__thumbnail\"><img loading=\"lazy\" decoding=\"async\" width=\"1400\" height=\"700\" src=\"https:\/\/solhousemarbella.com\/wp-content\/uploads\/2025\/08\/Winners-Entrepreneurs-Awards-2025-1.jpg\" class=\"attachment-full size-full wp-image-16736\" alt=\"\" srcset=\"https:\/\/solhousemarbella.com\/wp-content\/uploads\/2025\/08\/Winners-Entrepreneurs-Awards-2025-1.jpg 1400w, https:\/\/solhousemarbella.com\/wp-content\/uploads\/2025\/08\/Winners-Entrepreneurs-Awards-2025-1-300x150.jpg 300w, https:\/\/solhousemarbella.com\/wp-content\/uploads\/2025\/08\/Winners-Entrepreneurs-Awards-2025-1-1024x512.jpg 1024w, https:\/\/solhousemarbella.com\/wp-content\/uploads\/2025\/08\/Winners-Entrepreneurs-Awards-2025-1-768x384.jpg 768w, https:\/\/solhousemarbella.com\/wp-content\/uploads\/2025\/08\/Winners-Entrepreneurs-Awards-2025-1-18x9.jpg 18w, https:\/\/solhousemarbella.com\/wp-content\/uploads\/2025\/08\/Winners-Entrepreneurs-Awards-2025-1-1200x600.jpg 1200w, https:\/\/solhousemarbella.com\/wp-content\/uploads\/2025\/08\/Winners-Entrepreneurs-Awards-2025-1-496x248.jpg 496w\" sizes=\"auto, (max-width: 1400px) 100vw, 1400px\" \/><\/div><\/a>\n\t\t\t\t<div class=\"elementor-post__avatar\">\n\t\t\t\t\t<\/div>\n\t\t\t\t<div class=\"elementor-post__text\">\n\t\t\t\t<h3 class=\"elementor-post__title\">\n\t\t\t<a href=\"https:\/\/solhousemarbella.com\/pl\/witamy-na-blogu-solhouse-marbella-copy\/\">\n\t\t\t\tZwyci\u0119zca nagrody Marbella's Entrepreneur Award 2025\t\t\t<\/a>\n\t\t<\/h3>\n\t\t\t\t<div class=\"elementor-post__excerpt\">\n\t\t\t<p>Solhouse Marbella uhonorowany nagrod\u0105 Entrepreneur Award 2025 Z dum\u0105 informujemy, \u017ce Solhouse Marbella, kierowany przez Natali\u0119 Genewsk\u0105, zosta\u0142 uhonorowany nagrod\u0105 Entrepreneur Award 2025 podczas presti\u017cowej ceremonii.<\/p>\n\t\t<\/div>\n\t\t\n\t\t<a class=\"elementor-post__read-more\" href=\"https:\/\/solhousemarbella.com\/pl\/witamy-na-blogu-solhouse-marbella-copy\/\" aria-label=\"Read more about Winner of Marbella\u2019s Entrepreneur Award 2025\" tabindex=\"-1\">\n\t\t\tCzytaj wi\u0119cej \u00bb\t\t<\/a>\n\n\t\t\t\t<\/div>\n\t\t\t\t<div class=\"elementor-post__meta-data\">\n\t\t\t\t\t<span class=\"elementor-post-date\">\n\t\t\t14\/08\/2025\t\t<\/span>\n\t\t\t\t<\/div>\n\t\t\t\t\t<\/div>\n\t\t<\/article>\n\t\t\t\t<\/div>\n\t\t\n\t\t\t\t\t\t<\/div>\n\t\t\t\t<\/div>\n\t\t\t\t\t<\/div>\n\t\t\t\t<\/div>\n\t\t\t\t<\/div>","protected":false},"excerpt":{"rendered":"<p>Blog Solhouse Marbella<\/p>","protected":false},"author":2,"featured_media":0,"parent":0,"menu_order":0,"comment_status":"closed","ping_status":"closed","template":"","meta":{"footnotes":""},"class_list":["post-16250","page","type-page","status-publish","hentry"],"_links":{"self":[{"href":"https:\/\/solhousemarbella.com\/pl\/wp-json\/wp\/v2\/pages\/16250","targetHints":{"allow":["GET"]}}],"collection":[{"href":"https:\/\/solhousemarbella.com\/pl\/wp-json\/wp\/v2\/pages"}],"about":[{"href":"https:\/\/solhousemarbella.com\/pl\/wp-json\/wp\/v2\/types\/page"}],"author":[{"embeddable":true,"href":"https:\/\/solhousemarbella.com\/pl\/wp-json\/wp\/v2\/users\/2"}],"replies":[{"embeddable":true,"href":"https:\/\/solhousemarbella.com\/pl\/wp-json\/wp\/v2\/comments?post=16250"}],"version-history":[{"count":71,"href":"https:\/\/solhousemarbella.com\/pl\/wp-json\/wp\/v2\/pages\/16250\/revisions"}],"predecessor-version":[{"id":17004,"href":"https:\/\/solhousemarbella.com\/pl\/wp-json\/wp\/v2\/pages\/16250\/revisions\/17004"}],"wp:attachment":[{"href":"https:\/\/solhousemarbella.com\/pl\/wp-json\/wp\/v2\/media?parent=16250"}],"curies":[{"name":"wp","href":"https:\/\/api.w.org\/{rel}","templated":true}]}}